{"id":21,"date":"2016-03-01T11:58:02","date_gmt":"2016-03-01T10:58:02","guid":{"rendered":"http:\/\/www.amichai.de\/cms\/?page_id=21"},"modified":"2023-09-05T07:52:32","modified_gmt":"2023-09-05T05:52:32","slug":"chugim-ag","status":"publish","type":"page","link":"https:\/\/www.amichai.de\/cms\/chugim-ag\/","title":{"rendered":"Chugim (AG&#8217;s)"},"content":{"rendered":"<p><strong>Die Chugim (Die AG\u2019s)<\/strong><\/p>\n<p>Von Montag bis Donnerstag und auch am Sonntag besteht die M\u00f6glichkeit, an verschiedenen Kursen bzw. Chugim (AG\u2019s) teilzunehmen. Wir bieten euch hierf\u00fcr ein bunt gemischtes Programm, bei dem bestimmt f\u00fcr jeden was dabei ist. Kinder, Jugendliche und auch Erwachsene haben die M\u00f6glichkeit an diesen Kursen und AG\u00b4s teilzunehmen. Einfach mal vorbeikommen und ausprobieren.<\/p>\n<div align=\"center\">\n<h3><a href=\"https:\/\/www.amichai.de\/cms\/wp-content\/uploads\/2025\/08\/chugim-anmeldeformular-2026.pdf\" target=\"_blank\" rel=\"noopener noreferrer\">Anmeldeformular HIER downloaden<\/a><\/h3>\n<\/div>\n","protected":false},"excerpt":{"rendered":"<p>Die Chugim (Die AG\u2019s) Von Montag bis Donnerstag und auch am Sonntag besteht die M\u00f6glichkeit, an verschiedenen Kursen bzw. Chugim (AG\u2019s) teilzunehmen. Wir bieten euch hierf\u00fcr ein bunt gemischtes Programm, bei dem bestimmt f\u00fcr jeden was dabei ist. Kinder, Jugendliche und auch Erwachsene haben die M\u00f6glichkeit an diesen Kursen und AG\u00b4s teilzunehmen. Einfach mal vorbeikommen [&hellip;]<\/p>\n","protected":false},"author":1,"featured_media":427,"parent":0,"menu_order":0,"comment_status":"closed","ping_status":"closed","template":"page-templates\/full-width-page.php","meta":{"ngg_post_thumbnail":0,"footnotes":""},"class_list":["post-21","page","type-page","status-publish","has-post-thumbnail","hentry","with-featured-image"],"_links":{"self":[{"href":"https:\/\/www.amichai.de\/cms\/wp-json\/wp\/v2\/pages\/21","targetHints":{"allow":["GET"]}}],"collection":[{"href":"https:\/\/www.amichai.de\/cms\/wp-json\/wp\/v2\/pages"}],"about":[{"href":"https:\/\/www.amichai.de\/cms\/wp-json\/wp\/v2\/types\/page"}],"author":[{"embeddable":true,"href":"https:\/\/www.amichai.de\/cms\/wp-json\/wp\/v2\/users\/1"}],"replies":[{"embeddable":true,"href":"https:\/\/www.amichai.de\/cms\/wp-json\/wp\/v2\/comments?post=21"}],"version-history":[{"count":11,"href":"https:\/\/www.amichai.de\/cms\/wp-json\/wp\/v2\/pages\/21\/revisions"}],"predecessor-version":[{"id":2014,"href":"https:\/\/www.amichai.de\/cms\/wp-json\/wp\/v2\/pages\/21\/revisions\/2014"}],"wp:featuredmedia":[{"embeddable":true,"href":"https:\/\/www.amichai.de\/cms\/wp-json\/wp\/v2\/media\/427"}],"wp:attachment":[{"href":"https:\/\/www.amichai.de\/cms\/wp-json\/wp\/v2\/media?parent=21"}],"curies":[{"name":"wp","href":"https:\/\/api.w.org\/{rel}","templated":true}]}}