{"id":23,"date":"2016-03-01T11:59:19","date_gmt":"2016-03-01T10:59:19","guid":{"rendered":"http:\/\/www.amichai.de\/cms\/?page_id=23"},"modified":"2025-10-01T10:35:07","modified_gmt":"2025-10-01T08:35:07","slug":"chug-basteln-malen-gestallten","status":"publish","type":"page","link":"https:\/\/www.amichai.de\/cms\/chugim-ag\/chug-basteln-malen-gestallten\/","title":{"rendered":"Chug Basteln, malen, gestallten"},"content":{"rendered":"<p><strong>Malen lernen durch malen \u2013 auch ohne zeichnerische Vorkenntnisse!<\/strong><\/p>\n<p>Bei dieser au\u00dfergew\u00f6hnlichen Kunst-AG bringt der begabte K\u00fcnstler Solly Guigui den Kindern im Alter von 6-10 Jahren bei, wie man mit den verschiedensten Techniken wundersch\u00f6ne und ausdrucksstarke Bilder schaffen kann. Schrittweise werden die Grundkenntnisse der Techniken erarbeitet und der Umgang mit Farbe, Farbkombination, Bildaufbau, und Pinself\u00fchrung erprobt. Die AG findet <strong>montags von 16:00-17:00 Uhr<\/strong> statt.<\/p>\n<p><strong>Anmeldung unter:<\/strong><br \/>\nE-mail: <a href=\"mailto:amichai@jg-ffm.de\">amichai@jg-ffm.de<\/a><br \/>\nTel: 069 768 036 150<\/p>\n<div align=\"center\">\n<h3><a href=\"https:\/\/www.amichai.de\/cms\/wp-content\/uploads\/2025\/08\/chugim-anmeldeformular-2026.pdf\" target=\"_blank\" rel=\"noopener noreferrer\">Anmeldeformular HIER downloaden<\/a><\/h3>\n<\/div>\n","protected":false},"excerpt":{"rendered":"<p>Malen lernen durch malen \u2013 auch ohne zeichnerische Vorkenntnisse! Bei dieser au\u00dfergew\u00f6hnlichen Kunst-AG bringt der begabte K\u00fcnstler Solly Guigui den Kindern im Alter von 6-10 Jahren bei, wie man mit den verschiedensten Techniken wundersch\u00f6ne und ausdrucksstarke Bilder schaffen kann. Schrittweise werden die Grundkenntnisse der Techniken erarbeitet und der Umgang mit Farbe, Farbkombination, Bildaufbau, und Pinself\u00fchrung [&hellip;]<\/p>\n","protected":false},"author":1,"featured_media":394,"parent":21,"menu_order":0,"comment_status":"closed","ping_status":"closed","template":"page-templates\/full-width-page.php","meta":{"ngg_post_thumbnail":0,"footnotes":""},"class_list":["post-23","page","type-page","status-publish","has-post-thumbnail","hentry","with-featured-image"],"_links":{"self":[{"href":"https:\/\/www.amichai.de\/cms\/wp-json\/wp\/v2\/pages\/23","targetHints":{"allow":["GET"]}}],"collection":[{"href":"https:\/\/www.amichai.de\/cms\/wp-json\/wp\/v2\/pages"}],"about":[{"href":"https:\/\/www.amichai.de\/cms\/wp-json\/wp\/v2\/types\/page"}],"author":[{"embeddable":true,"href":"https:\/\/www.amichai.de\/cms\/wp-json\/wp\/v2\/users\/1"}],"replies":[{"embeddable":true,"href":"https:\/\/www.amichai.de\/cms\/wp-json\/wp\/v2\/comments?post=23"}],"version-history":[{"count":14,"href":"https:\/\/www.amichai.de\/cms\/wp-json\/wp\/v2\/pages\/23\/revisions"}],"predecessor-version":[{"id":2350,"href":"https:\/\/www.amichai.de\/cms\/wp-json\/wp\/v2\/pages\/23\/revisions\/2350"}],"up":[{"embeddable":true,"href":"https:\/\/www.amichai.de\/cms\/wp-json\/wp\/v2\/pages\/21"}],"wp:featuredmedia":[{"embeddable":true,"href":"https:\/\/www.amichai.de\/cms\/wp-json\/wp\/v2\/media\/394"}],"wp:attachment":[{"href":"https:\/\/www.amichai.de\/cms\/wp-json\/wp\/v2\/media?parent=23"}],"curies":[{"name":"wp","href":"https:\/\/api.w.org\/{rel}","templated":true}]}}