{"id":25,"date":"2016-03-01T11:59:39","date_gmt":"2016-03-01T10:59:39","guid":{"rendered":"http:\/\/www.amichai.de\/cms\/?page_id=25"},"modified":"2025-10-01T10:46:19","modified_gmt":"2025-10-01T08:46:19","slug":"chug-capoeira","status":"publish","type":"page","link":"https:\/\/www.amichai.de\/cms\/chugim-ag\/chug-capoeira\/","title":{"rendered":"Chug Capoeira"},"content":{"rendered":"<p><strong>&#8222;Capoeira Kampftanz- der besondere Trendsport&#8220;<\/strong><\/p>\n<p>Capoeira ist Kampfsport und Selbstverteidigung, Kraft, Energie und Flexibilit\u00e4t, Musik und Tanz und Gemeinschaft. Capoeira verk\u00f6rpert Fantasie, Spa\u00df, Ablenkung, Spontanit\u00e4t, Kreativit\u00e4t und Intuition. Mit Capoeira erweckt man eine best\u00e4ndige Lust zu entdecken, zu erforschen und zwischenmenschliche Beziehungen einzugehen und diese zu entwickeln. K\u00f6rper, Geist und Seele kommen ins Gleichgewicht und die Kinder erkennen die Wichtigkeit sozialer und kultureller Werte. <\/p>\n<p><strong><br \/>\nCapoeira (E1 &#038; E2) 14:00 &#8211; 15:00 Uhr<br \/>\nCapoeira (2 &#8211; 3 Klasse) 15:00 &#8211; 16:00 Uhr<br \/>\nCapoeira (3 &#8211; 4 Klasse) 16:00 &#8211; 17:00 Uhr<br \/>\n<\/strong><\/p>\n<p><strong>Anmeldung unter:<\/strong><br \/>\nE-mail: <a href=\"mailto:amichai@jg-ffm.de\">amichai@jg-ffm.de<\/a><br \/>\nTel: 069 768 036 150<\/p>\n<div align=\"center\">\n<h3><a href=\"https:\/\/www.amichai.de\/cms\/wp-content\/uploads\/2025\/08\/chugim-anmeldeformular-2026.pdf\" target=\"_blank\" rel=\"noopener noreferrer\">Anmeldeformular HIER downloaden<\/a><\/h3>\n<\/div>\n","protected":false},"excerpt":{"rendered":"<p>&#8222;Capoeira Kampftanz- der besondere Trendsport&#8220; Capoeira ist Kampfsport und Selbstverteidigung, Kraft, Energie und Flexibilit\u00e4t, Musik und Tanz und Gemeinschaft. Capoeira verk\u00f6rpert Fantasie, Spa\u00df, Ablenkung, Spontanit\u00e4t, Kreativit\u00e4t und Intuition. Mit Capoeira erweckt man eine best\u00e4ndige Lust zu entdecken, zu erforschen und zwischenmenschliche Beziehungen einzugehen und diese zu entwickeln. K\u00f6rper, Geist und Seele kommen ins Gleichgewicht und [&hellip;]<\/p>\n","protected":false},"author":1,"featured_media":399,"parent":21,"menu_order":0,"comment_status":"closed","ping_status":"closed","template":"page-templates\/full-width-page.php","meta":{"ngg_post_thumbnail":0,"footnotes":""},"class_list":["post-25","page","type-page","status-publish","has-post-thumbnail","hentry","with-featured-image"],"_links":{"self":[{"href":"https:\/\/www.amichai.de\/cms\/wp-json\/wp\/v2\/pages\/25","targetHints":{"allow":["GET"]}}],"collection":[{"href":"https:\/\/www.amichai.de\/cms\/wp-json\/wp\/v2\/pages"}],"about":[{"href":"https:\/\/www.amichai.de\/cms\/wp-json\/wp\/v2\/types\/page"}],"author":[{"embeddable":true,"href":"https:\/\/www.amichai.de\/cms\/wp-json\/wp\/v2\/users\/1"}],"replies":[{"embeddable":true,"href":"https:\/\/www.amichai.de\/cms\/wp-json\/wp\/v2\/comments?post=25"}],"version-history":[{"count":15,"href":"https:\/\/www.amichai.de\/cms\/wp-json\/wp\/v2\/pages\/25\/revisions"}],"predecessor-version":[{"id":2357,"href":"https:\/\/www.amichai.de\/cms\/wp-json\/wp\/v2\/pages\/25\/revisions\/2357"}],"up":[{"embeddable":true,"href":"https:\/\/www.amichai.de\/cms\/wp-json\/wp\/v2\/pages\/21"}],"wp:featuredmedia":[{"embeddable":true,"href":"https:\/\/www.amichai.de\/cms\/wp-json\/wp\/v2\/media\/399"}],"wp:attachment":[{"href":"https:\/\/www.amichai.de\/cms\/wp-json\/wp\/v2\/media?parent=25"}],"curies":[{"name":"wp","href":"https:\/\/api.w.org\/{rel}","templated":true}]}}