{"id":29,"date":"2016-03-01T12:00:17","date_gmt":"2016-03-01T11:00:17","guid":{"rendered":"http:\/\/www.amichai.de\/cms\/?page_id=29"},"modified":"2025-10-01T10:30:04","modified_gmt":"2025-10-01T08:30:04","slug":"chug-krav-maga","status":"publish","type":"page","link":"https:\/\/www.amichai.de\/cms\/chugim-ag\/chug-krav-maga\/","title":{"rendered":"Chug Krav Maga"},"content":{"rendered":"<p><strong>\u201cWhen the world says \u2018Give up\u2019, hope whispers, \u2018Try one more time\u2019.\u201d<\/strong><br \/>\nKrav Maga (hebr.\u201cKontaktkampf\u201c) ist ein israelisches, modernes, Selbstverteidigungs-system, das aus Schlag- und Tritttechniken besteht, aber auch Grifftechniken, Hebel und Bodenkampf beinhaltet.<\/p>\n<p>In den letzten Jahren ist die Nachfrage nach Krav Maga immer mehr gestiegen, um so mehr freuen wir uns zum ersten Mal den Kurs auch auf spielerische Weise f\u00fcr 6-9 J\u00e4hrige anbieten zu k\u00f6nnen. Der Kurs findet <strong>Donnerstags zwischen 16:00 und 17:00 Uhr<\/strong> statt.<\/p>\n<p><strong>Anmeldung unter:<\/strong><br \/>\nE-mail: <a href=\"mailto:amichai@jg-ffm.de\">amichai@jg-ffm.de<\/a><br \/>\nTel: 069 768 036 150<\/p>\n<div align=\"center\">\n<h3><a href=\"https:\/\/www.amichai.de\/cms\/wp-content\/uploads\/2025\/08\/chugim-anmeldeformular-2026.pdf\" target=\"_blank\" rel=\"noopener noreferrer\">Anmeldeformular HIER downloaden<\/a><\/h3>\n<\/div>\n","protected":false},"excerpt":{"rendered":"<p>\u201cWhen the world says \u2018Give up\u2019, hope whispers, \u2018Try one more time\u2019.\u201d Krav Maga (hebr.\u201cKontaktkampf\u201c) ist ein israelisches, modernes, Selbstverteidigungs-system, das aus Schlag- und Tritttechniken besteht, aber auch Grifftechniken, Hebel und Bodenkampf beinhaltet. In den letzten Jahren ist die Nachfrage nach Krav Maga immer mehr gestiegen, um so mehr freuen wir uns zum ersten Mal [&hellip;]<\/p>\n","protected":false},"author":1,"featured_media":400,"parent":21,"menu_order":0,"comment_status":"closed","ping_status":"closed","template":"page-templates\/full-width-page.php","meta":{"ngg_post_thumbnail":0,"footnotes":""},"class_list":["post-29","page","type-page","status-publish","has-post-thumbnail","hentry","with-featured-image"],"_links":{"self":[{"href":"https:\/\/www.amichai.de\/cms\/wp-json\/wp\/v2\/pages\/29","targetHints":{"allow":["GET"]}}],"collection":[{"href":"https:\/\/www.amichai.de\/cms\/wp-json\/wp\/v2\/pages"}],"about":[{"href":"https:\/\/www.amichai.de\/cms\/wp-json\/wp\/v2\/types\/page"}],"author":[{"embeddable":true,"href":"https:\/\/www.amichai.de\/cms\/wp-json\/wp\/v2\/users\/1"}],"replies":[{"embeddable":true,"href":"https:\/\/www.amichai.de\/cms\/wp-json\/wp\/v2\/comments?post=29"}],"version-history":[{"count":18,"href":"https:\/\/www.amichai.de\/cms\/wp-json\/wp\/v2\/pages\/29\/revisions"}],"predecessor-version":[{"id":2348,"href":"https:\/\/www.amichai.de\/cms\/wp-json\/wp\/v2\/pages\/29\/revisions\/2348"}],"up":[{"embeddable":true,"href":"https:\/\/www.amichai.de\/cms\/wp-json\/wp\/v2\/pages\/21"}],"wp:featuredmedia":[{"embeddable":true,"href":"https:\/\/www.amichai.de\/cms\/wp-json\/wp\/v2\/media\/400"}],"wp:attachment":[{"href":"https:\/\/www.amichai.de\/cms\/wp-json\/wp\/v2\/media?parent=29"}],"curies":[{"name":"wp","href":"https:\/\/api.w.org\/{rel}","templated":true}]}}