{"id":53,"date":"2016-03-01T12:05:17","date_gmt":"2016-03-01T11:05:17","guid":{"rendered":"http:\/\/www.amichai.de\/cms\/?page_id=53"},"modified":"2025-10-01T10:08:13","modified_gmt":"2025-10-01T08:08:13","slug":"bar-kochwa-5-6-jahre","status":"publish","type":"page","link":"https:\/\/www.amichai.de\/cms\/kwuzot-gruppen\/bar-kochwa-5-6-jahre\/","title":{"rendered":"Bar Kochwa (5-6 Jahre)"},"content":{"rendered":"<div id=\"pl-53\"  class=\"panel-layout\" ><div id=\"pg-53-0\"  class=\"panel-grid panel-no-style\" ><div id=\"pgc-53-0-0\"  class=\"panel-grid-cell\" ><div id=\"panel-53-0-0-0\" class=\"so-panel widget widget_sow-editor panel-first-child panel-last-child\" data-index=\"0\" ><div\n\t\t\t\n\t\t\tclass=\"so-widget-sow-editor so-widget-sow-editor-base\"\n\t\t\t\n\t\t>\n<div class=\"siteorigin-widget-tinymce textwidget\">\n\t<p><img decoding=\"async\" class=\"alignnone size-full wp-image-1493\" src=\"https:\/\/www.amichai.de\/cms\/wp-content\/uploads\/2025\/10\/Bar-Kochwa5-6-Medium.jpg\" alt=\"\" width=\"100%\" height=\"100%\"\/><\/p>\n<\/div>\n<\/div><\/div><\/div><\/div><div id=\"pg-53-1\"  class=\"panel-grid panel-no-style\" ><div id=\"pgc-53-1-0\"  class=\"panel-grid-cell\" ><div id=\"panel-53-1-0-0\" class=\"so-panel widget widget_sow-editor panel-first-child panel-last-child\" data-index=\"1\" ><div\n\t\t\t\n\t\t\tclass=\"so-widget-sow-editor so-widget-sow-editor-base\"\n\t\t\t\n\t\t>\n<div class=\"siteorigin-widget-tinymce textwidget\">\n\t<p><img decoding=\"async\" src=\"https:\/\/www.amichai.de\/cms\/wp-content\/uploads\/2025\/10\/Bar-Kochwa-Sarai-Small.jpg\" alt=\"\" width=\"100%\" height=\"100%\"\/><br \/>\nSarai<\/p>\n<\/div>\n<\/div><\/div><\/div><div id=\"pgc-53-1-1\"  class=\"panel-grid-cell\" ><div id=\"panel-53-1-1-0\" class=\"so-panel widget widget_sow-editor panel-first-child panel-last-child\" data-index=\"2\" ><div\n\t\t\t\n\t\t\tclass=\"so-widget-sow-editor so-widget-sow-editor-base\"\n\t\t\t\n\t\t>\n<div class=\"siteorigin-widget-tinymce textwidget\">\n\t<p><img decoding=\"async\" src=\"https:\/\/www.amichai.de\/cms\/wp-content\/uploads\/2025\/10\/Bar-Kochwa-Sara-Small.jpg\" alt=\"\" width=\"100%\" height=\"100%\" \/><br \/>\nSara<\/p>\n<\/div>\n<\/div><\/div><\/div><\/div><div id=\"pg-53-2\"  class=\"panel-grid panel-no-style\" ><div id=\"pgc-53-2-0\"  class=\"panel-grid-cell\" ><div id=\"panel-53-2-0-0\" class=\"so-panel widget widget_sow-editor panel-first-child panel-last-child\" data-index=\"3\" ><div\n\t\t\t\n\t\t\tclass=\"so-widget-sow-editor so-widget-sow-editor-base\"\n\t\t\t\n\t\t>\n<div class=\"siteorigin-widget-tinymce textwidget\">\n\t<p><img decoding=\"async\" src=\"https:\/\/www.amichai.de\/cms\/wp-content\/uploads\/2025\/10\/Bar-Kochwa-Sammy-Small.jpg\" alt=\"\" width=\"100%\" height=\"100%\"\/><br \/>\nSammy<\/p>\n<\/div>\n<\/div><\/div><\/div><div id=\"pgc-53-2-1\"  class=\"panel-grid-cell\" ><div id=\"panel-53-2-1-0\" class=\"so-panel widget widget_sow-editor panel-first-child panel-last-child\" data-index=\"4\" ><div\n\t\t\t\n\t\t\tclass=\"so-widget-sow-editor so-widget-sow-editor-base\"\n\t\t\t\n\t\t>\n<div class=\"siteorigin-widget-tinymce textwidget\">\n\t<p><img decoding=\"async\" src=\"https:\/\/www.amichai.de\/cms\/wp-content\/uploads\/2025\/10\/Bar-Kochwa-Tymur-Small.jpg\" alt=\"\" width=\"100%\" height=\"100%\" \/><br \/>\nTymur<\/p>\n<\/div>\n<\/div><\/div><\/div><\/div><div id=\"pg-53-3\"  class=\"panel-grid panel-no-style\" ><div id=\"pgc-53-3-0\"  class=\"panel-grid-cell\" ><div id=\"panel-53-3-0-0\" class=\"so-panel widget widget_sow-editor panel-first-child panel-last-child\" data-index=\"5\" ><div\n\t\t\t\n\t\t\tclass=\"so-widget-sow-editor so-widget-sow-editor-base\"\n\t\t\t\n\t\t>\n<div class=\"siteorigin-widget-tinymce textwidget\">\n\t<p><img loading=\"lazy\" decoding=\"async\" class=\"alignnone size-full wp-image-246\" src=\"https:\/\/www.amichai.de\/cms\/wp-content\/uploads\/2016\/03\/bar-kochba-280x3002.jpg\" alt=\"\" width=\"280\" height=\"300\" \/><\/p>\n<\/div>\n<\/div><\/div><\/div><div id=\"pgc-53-3-1\"  class=\"panel-grid-cell\" ><div id=\"panel-53-3-1-0\" class=\"so-panel widget widget_sow-editor panel-first-child panel-last-child\" data-index=\"6\" ><div\n\t\t\t\n\t\t\tclass=\"so-widget-sow-editor so-widget-sow-editor-base\"\n\t\t\t\n\t\t>\n<div class=\"siteorigin-widget-tinymce textwidget\">\n\t<p><strong>Simon Bar Kochwa <\/strong>war ein j\u00fcdischer Milit\u00e4rf\u00fchrer der einen Aufstand gegen die R\u00f6mer von 132 bis 135 nach Christus f\u00fchrte; nach ihm wurde die Auflehnung als Bar Kochwa-Aufstand bekannt. Ausl\u00f6ser war das Verbot der j\u00fcdischen Beschneidung.<\/p>\n<p>Es gibt nur wenige Quellen \u00fcber Bar Kochwa. Sein Vorname Shimon (dt. Simon) wurde auf M\u00fcnzen aus der Zeit des Aufstandes gefunden.<\/p>\n<p>Sein aram\u00e4ischer Nachname \u201cBar Kochwa\u201d welcher ihm nach der j\u00fcdischen Legende von Rabbi Akiva gegeben worden war bedeutet \u201cSohn eines Sterns\u201d.<\/p>\n<\/div>\n<\/div><\/div><\/div><\/div><\/div>","protected":false},"excerpt":{"rendered":"<p>Sarai Sara<\/p>\n","protected":false},"author":1,"featured_media":0,"parent":51,"menu_order":0,"comment_status":"closed","ping_status":"closed","template":"page-templates\/full-width-page.php","meta":{"ngg_post_thumbnail":0,"footnotes":""},"class_list":["post-53","page","type-page","status-publish","hentry","without-featured-image"],"_links":{"self":[{"href":"https:\/\/www.amichai.de\/cms\/wp-json\/wp\/v2\/pages\/53","targetHints":{"allow":["GET"]}}],"collection":[{"href":"https:\/\/www.amichai.de\/cms\/wp-json\/wp\/v2\/pages"}],"about":[{"href":"https:\/\/www.amichai.de\/cms\/wp-json\/wp\/v2\/types\/page"}],"author":[{"embeddable":true,"href":"https:\/\/www.amichai.de\/cms\/wp-json\/wp\/v2\/users\/1"}],"replies":[{"embeddable":true,"href":"https:\/\/www.amichai.de\/cms\/wp-json\/wp\/v2\/comments?post=53"}],"version-history":[{"count":30,"href":"https:\/\/www.amichai.de\/cms\/wp-json\/wp\/v2\/pages\/53\/revisions"}],"predecessor-version":[{"id":2337,"href":"https:\/\/www.amichai.de\/cms\/wp-json\/wp\/v2\/pages\/53\/revisions\/2337"}],"up":[{"embeddable":true,"href":"https:\/\/www.amichai.de\/cms\/wp-json\/wp\/v2\/pages\/51"}],"wp:attachment":[{"href":"https:\/\/www.amichai.de\/cms\/wp-json\/wp\/v2\/media?parent=53"}],"curies":[{"name":"wp","href":"https:\/\/api.w.org\/{rel}","templated":true}]}}