{"id":55,"date":"2016-03-01T12:05:35","date_gmt":"2016-03-01T11:05:35","guid":{"rendered":"http:\/\/www.amichai.de\/cms\/?page_id=55"},"modified":"2025-10-01T10:22:09","modified_gmt":"2025-10-01T08:22:09","slug":"ben-gurion-14-15-jahre","status":"publish","type":"page","link":"https:\/\/www.amichai.de\/cms\/kwuzot-gruppen\/ben-gurion-14-15-jahre\/","title":{"rendered":"Ben Gurion (14-15 Jahre)"},"content":{"rendered":"<div id=\"pl-55\"  class=\"panel-layout\" ><div id=\"pg-55-0\"  class=\"panel-grid panel-no-style\" ><div id=\"pgc-55-0-0\"  class=\"panel-grid-cell\" ><div id=\"panel-55-0-0-0\" class=\"so-panel widget widget_sow-editor panel-first-child panel-last-child\" data-index=\"0\" ><div\n\t\t\t\n\t\t\tclass=\"so-widget-sow-editor so-widget-sow-editor-base\"\n\t\t\t\n\t\t>\n<div class=\"siteorigin-widget-tinymce textwidget\">\n\t<p><img decoding=\"async\" class=\"alignnone size-full wp-image-1487\" style=\"width: 100% !important;\" src=\"https:\/\/www.amichai.de\/cms\/wp-content\/uploads\/2025\/10\/Ben-Gurion-14-15-Medium.jpg\" alt=\"\"\/><\/p>\n<\/div>\n<\/div><\/div><\/div><\/div><div id=\"pg-55-1\"  class=\"panel-grid panel-no-style\" ><div id=\"pgc-55-1-0\"  class=\"panel-grid-cell\" ><div id=\"panel-55-1-0-0\" class=\"so-panel widget widget_sow-editor panel-first-child panel-last-child\" data-index=\"1\" ><div\n\t\t\t\n\t\t\tclass=\"so-widget-sow-editor so-widget-sow-editor-base\"\n\t\t\t\n\t\t>\n<div class=\"siteorigin-widget-tinymce textwidget\">\n\t<p><img decoding=\"async\" src=\"https:\/\/www.amichai.de\/cms\/wp-content\/uploads\/2025\/10\/Ben-Gurion-Romy-Small.jpg\" alt=\"\" width=\"100%\" height=\"100%\" \/><br \/>\nRomy<\/p>\n<\/div>\n<\/div><\/div><\/div><div id=\"pgc-55-1-1\"  class=\"panel-grid-cell\" ><div id=\"panel-55-1-1-0\" class=\"so-panel widget widget_sow-editor panel-first-child panel-last-child\" data-index=\"2\" ><div\n\t\t\t\n\t\t\tclass=\"so-widget-sow-editor so-widget-sow-editor-base\"\n\t\t\t\n\t\t>\n<div class=\"siteorigin-widget-tinymce textwidget\">\n\t<p><img decoding=\"async\" src=\"https:\/\/www.amichai.de\/cms\/wp-content\/uploads\/2025\/10\/Ben-Gurion-Marie-Small.jpg\" alt=\"\" width=\"100%\" height=\"100%\" \/><br \/>\nMarie<\/p>\n<\/div>\n<\/div><\/div><\/div><\/div><div id=\"pg-55-2\"  class=\"panel-grid panel-no-style\" ><div id=\"pgc-55-2-0\"  class=\"panel-grid-cell\" ><div id=\"panel-55-2-0-0\" class=\"so-panel widget widget_sow-editor panel-first-child panel-last-child\" data-index=\"3\" ><div\n\t\t\t\n\t\t\tclass=\"so-widget-sow-editor so-widget-sow-editor-base\"\n\t\t\t\n\t\t>\n<div class=\"siteorigin-widget-tinymce textwidget\">\n\t<p><img decoding=\"async\" src=\"https:\/\/www.amichai.de\/cms\/wp-content\/uploads\/2025\/10\/Ben-Gurion-Leon-Small.jpg\" alt=\"\" width=\"100%\" height=\"100%\"\/><br \/>\nLeon<\/p>\n<\/div>\n<\/div><\/div><\/div><div id=\"pgc-55-2-1\"  class=\"panel-grid-cell\" ><div id=\"panel-55-2-1-0\" class=\"so-panel widget widget_sow-editor panel-first-child panel-last-child\" data-index=\"4\" ><div\n\t\t\t\n\t\t\tclass=\"so-widget-sow-editor so-widget-sow-editor-base\"\n\t\t\t\n\t\t>\n<div class=\"siteorigin-widget-tinymce textwidget\">\n\t<p><img decoding=\"async\" src=\"https:\/\/www.amichai.de\/cms\/wp-content\/uploads\/2025\/10\/Ben-Gurion-Liad-Small.jpg\" alt=\"\" width=\"100%\" height=\"100%\"\/><br \/>\nLiad<\/p>\n<\/div>\n<\/div><\/div><\/div><\/div><div id=\"pg-55-3\"  class=\"panel-grid panel-no-style\" ><div id=\"pgc-55-3-0\"  class=\"panel-grid-cell\" ><div id=\"panel-55-3-0-0\" class=\"so-panel widget widget_sow-editor panel-first-child panel-last-child\" data-index=\"5\" ><div\n\t\t\t\n\t\t\tclass=\"so-widget-sow-editor so-widget-sow-editor-base\"\n\t\t\t\n\t\t>\n<div class=\"siteorigin-widget-tinymce textwidget\">\n\t<p><img loading=\"lazy\" decoding=\"async\" class=\"alignnone size-full wp-image-243\" src=\"https:\/\/www.amichai.de\/cms\/wp-content\/uploads\/2016\/03\/ben-gurion1.jpg\" alt=\"\" width=\"236\" height=\"300\" \/><\/p>\n<\/div>\n<\/div><\/div><\/div><div id=\"pgc-55-3-1\"  class=\"panel-grid-cell\" ><div id=\"panel-55-3-1-0\" class=\"so-panel widget widget_sow-editor panel-first-child panel-last-child\" data-index=\"6\" ><div\n\t\t\t\n\t\t\tclass=\"so-widget-sow-editor so-widget-sow-editor-base\"\n\t\t\t\n\t\t>\n<div class=\"siteorigin-widget-tinymce textwidget\">\n\t<p><strong>\u201eWer nicht an Wunder glaubt, ist kein Realist.\u201c<\/strong><\/p>\n<p>David Ben-Gurion (geboren am 16. Oktober 1886 in P\u0142o\u0144sk, gestorben am 01. Dezember 1973 in Tel HaSchomer) war der erste Premierminister Israels und einer der Gr\u00fcnder der sozialdemokratischen Arbeitspartei Israels.\u00a0Er war es, der am 14. Mai 1948 in Tel Aviv den unabh\u00e4ngigen Staat Israel ausrief.<\/p>\n<p>Ben-Gurion wurde vom Time Magazine zu einer der wichtigsten Personen des 20. Jahrhunderts gew\u00e4hlt. Nach David Ben-Gurion wurde 1975 der internationale Ben-Gurion-Flughafen von Tel Aviv, der sich n\u00f6rdlich der Stadt Lod befindet, sowie die Ben-Gurion-Universit\u00e4t des Negev in Beerscheba, benannt.<\/p>\n<\/div>\n<\/div><\/div><\/div><\/div><\/div>","protected":false},"excerpt":{"rendered":"<p>Romy Marie<\/p>\n","protected":false},"author":1,"featured_media":0,"parent":51,"menu_order":4,"comment_status":"closed","ping_status":"closed","template":"page-templates\/full-width-page.php","meta":{"ngg_post_thumbnail":0,"footnotes":""},"class_list":["post-55","page","type-page","status-publish","hentry","without-featured-image"],"_links":{"self":[{"href":"https:\/\/www.amichai.de\/cms\/wp-json\/wp\/v2\/pages\/55","targetHints":{"allow":["GET"]}}],"collection":[{"href":"https:\/\/www.amichai.de\/cms\/wp-json\/wp\/v2\/pages"}],"about":[{"href":"https:\/\/www.amichai.de\/cms\/wp-json\/wp\/v2\/types\/page"}],"author":[{"embeddable":true,"href":"https:\/\/www.amichai.de\/cms\/wp-json\/wp\/v2\/users\/1"}],"replies":[{"embeddable":true,"href":"https:\/\/www.amichai.de\/cms\/wp-json\/wp\/v2\/comments?post=55"}],"version-history":[{"count":28,"href":"https:\/\/www.amichai.de\/cms\/wp-json\/wp\/v2\/pages\/55\/revisions"}],"predecessor-version":[{"id":2342,"href":"https:\/\/www.amichai.de\/cms\/wp-json\/wp\/v2\/pages\/55\/revisions\/2342"}],"up":[{"embeddable":true,"href":"https:\/\/www.amichai.de\/cms\/wp-json\/wp\/v2\/pages\/51"}],"wp:attachment":[{"href":"https:\/\/www.amichai.de\/cms\/wp-json\/wp\/v2\/media?parent=55"}],"curies":[{"name":"wp","href":"https:\/\/api.w.org\/{rel}","templated":true}]}}