{"id":57,"date":"2016-03-01T12:05:51","date_gmt":"2016-03-01T11:05:51","guid":{"rendered":"http:\/\/www.amichai.de\/cms\/?page_id=57"},"modified":"2025-10-01T10:15:29","modified_gmt":"2025-10-01T08:15:29","slug":"chana-senesh-9-10-jahre","status":"publish","type":"page","link":"https:\/\/www.amichai.de\/cms\/kwuzot-gruppen\/chana-senesh-9-10-jahre\/","title":{"rendered":"Chana Senesh (9-10 Jahre)"},"content":{"rendered":"<div id=\"pl-57\"  class=\"panel-layout\" ><div id=\"pg-57-0\"  class=\"panel-grid panel-no-style\" ><div id=\"pgc-57-0-0\"  class=\"panel-grid-cell\" ><div id=\"panel-57-0-0-0\" class=\"so-panel widget widget_sow-editor panel-first-child panel-last-child\" data-index=\"0\" ><div\n\t\t\t\n\t\t\tclass=\"so-widget-sow-editor so-widget-sow-editor-base\"\n\t\t\t\n\t\t>\n<div class=\"siteorigin-widget-tinymce textwidget\">\n\t<p><img decoding=\"async\" class=\"alignnone size-full wp-image-1473\" style=\"width: 100% !important;\" src=\"https:\/\/www.amichai.de\/cms\/wp-content\/uploads\/2025\/10\/Chana-senesh-9-10-Medium.jpg\" alt=\"\"\/><\/p>\n<\/div>\n<\/div><\/div><\/div><\/div><div id=\"pg-57-1\"  class=\"panel-grid panel-no-style\" ><div id=\"pgc-57-1-0\"  class=\"panel-grid-cell\" ><div id=\"panel-57-1-0-0\" class=\"so-panel widget widget_sow-editor panel-first-child panel-last-child\" data-index=\"1\" ><div\n\t\t\t\n\t\t\tclass=\"so-widget-sow-editor so-widget-sow-editor-base\"\n\t\t\t\n\t\t>\n<div class=\"siteorigin-widget-tinymce textwidget\">\n\t<p><img decoding=\"async\" src=\"https:\/\/www.amichai.de\/cms\/wp-content\/uploads\/2025\/10\/Chana-Senesh-Talia-Small.jpg\" alt=\"\" width=\"100%\" height=\"100%\" \/><br \/>\nTalia<\/p>\n<\/div>\n<\/div><\/div><\/div><div id=\"pgc-57-1-1\"  class=\"panel-grid-cell\" ><div id=\"panel-57-1-1-0\" class=\"so-panel widget widget_sow-editor panel-first-child panel-last-child\" data-index=\"2\" ><div\n\t\t\t\n\t\t\tclass=\"so-widget-sow-editor so-widget-sow-editor-base\"\n\t\t\t\n\t\t>\n<div class=\"siteorigin-widget-tinymce textwidget\">\n\t<p><img decoding=\"async\" src=\"https:\/\/www.amichai.de\/cms\/wp-content\/uploads\/2025\/10\/Chana-Senesh-Emilia-Small.jpg\" alt=\"\" width=\"100%\" height=\"100%\" \/><br \/>\nEmilia<\/p>\n<\/div>\n<\/div><\/div><\/div><\/div><div id=\"pg-57-2\"  class=\"panel-grid panel-no-style\" ><div id=\"pgc-57-2-0\"  class=\"panel-grid-cell\" ><div id=\"panel-57-2-0-0\" class=\"so-panel widget widget_sow-editor panel-first-child panel-last-child\" data-index=\"3\" ><div\n\t\t\t\n\t\t\tclass=\"so-widget-sow-editor so-widget-sow-editor-base\"\n\t\t\t\n\t\t>\n<div class=\"siteorigin-widget-tinymce textwidget\">\n\t<p><img decoding=\"async\" src=\"https:\/\/www.amichai.de\/cms\/wp-content\/uploads\/2025\/10\/Chana-Senesh-Jaron-Small.jpg\" alt=\"\" width=\"100%\" height=\"100%\"\/><br \/>\nJaron<\/p>\n<\/div>\n<\/div><\/div><\/div><div id=\"pgc-57-2-1\"  class=\"panel-grid-cell\" ><div id=\"panel-57-2-1-0\" class=\"so-panel widget widget_sow-editor panel-first-child panel-last-child\" data-index=\"4\" ><div\n\t\t\t\n\t\t\tclass=\"so-widget-sow-editor so-widget-sow-editor-base\"\n\t\t\t\n\t\t>\n<div class=\"siteorigin-widget-tinymce textwidget\">\n\t<p><img decoding=\"async\" src=\"https:\/\/www.amichai.de\/cms\/wp-content\/uploads\/2025\/10\/Chana-Senesh-Shalev-Small.jpg\" alt=\"\" width=\"100%\" height=\"100%\"\/><br \/>\nShalev<\/p>\n<\/div>\n<\/div><\/div><\/div><\/div><div id=\"pg-57-3\"  class=\"panel-grid panel-no-style\" ><div id=\"pgc-57-3-0\"  class=\"panel-grid-cell\" ><div id=\"panel-57-3-0-0\" class=\"so-panel widget widget_sow-editor panel-first-child panel-last-child\" data-index=\"5\" ><div\n\t\t\t\n\t\t\tclass=\"so-widget-sow-editor so-widget-sow-editor-base\"\n\t\t\t\n\t\t>\n<div class=\"siteorigin-widget-tinymce textwidget\">\n\t<p><img loading=\"lazy\" decoding=\"async\" src=\"https:\/\/www.amichai.de\/cms\/wp-content\/uploads\/2016\/03\/Senesh.jpg\" alt=\"\" width=\"130\" height=\"202\" class=\"alignnone size-full wp-image-248\" \/><\/p>\n<\/div>\n<\/div><\/div><\/div><div id=\"pgc-57-3-1\"  class=\"panel-grid-cell\" ><div id=\"panel-57-3-1-0\" class=\"so-panel widget widget_sow-editor panel-first-child panel-last-child\" data-index=\"6\" ><div\n\t\t\t\n\t\t\tclass=\"so-widget-sow-editor so-widget-sow-editor-base\"\n\t\t\t\n\t\t>\n<div class=\"siteorigin-widget-tinymce textwidget\">\n\t<p><strong>Hannah Szenesh<\/strong> (* als <em>Anik\u00f3 Szenes<\/em> am17.Juli 1921 in Budapest, Ungarn geboren und am 07.November 1944 in Ungarn gestorben) war eine ungarische Widerstandsk\u00e4mpferin, die mit anderen j\u00fcdischen Frauen und M\u00e4nnern mit ihrem Fallschirm hinter der deutschen Front absprang, um zu versuchen, Juden zu retten.<\/p>\n<p>Hannah Szenes, die Tochter des Journalisten und Kinderbuchautors B\u00e9la Szenes, demonstrierte ihr eigenes literarisches Talent von klein auf und schrieb seit ihrem dreizehnten Lebensjahr bis kurz vor ihrem Tod an ihrem Tagebuch. Obwohl ihre Familie assimiliert war, f\u00fchrten w\u00e4hrend ihrer Schulzeit antisemitische Einfl\u00fcsse in Budapest dazu, dass sie begann, sich f\u00fcr ihre j\u00fcdische Herkunft zu interessieren. W\u00e4hrend dieser Zeit schloss sie sich der <em>Maccabea<\/em>, einer zionistischen Sch\u00fcler- und Studentenbewegung an.<\/p>\n<\/div>\n<\/div><\/div><\/div><\/div><\/div>","protected":false},"excerpt":{"rendered":"<p>Talia Emilia<\/p>\n","protected":false},"author":1,"featured_media":0,"parent":51,"menu_order":2,"comment_status":"closed","ping_status":"closed","template":"page-templates\/full-width-page.php","meta":{"ngg_post_thumbnail":0,"footnotes":""},"class_list":["post-57","page","type-page","status-publish","hentry","without-featured-image"],"_links":{"self":[{"href":"https:\/\/www.amichai.de\/cms\/wp-json\/wp\/v2\/pages\/57","targetHints":{"allow":["GET"]}}],"collection":[{"href":"https:\/\/www.amichai.de\/cms\/wp-json\/wp\/v2\/pages"}],"about":[{"href":"https:\/\/www.amichai.de\/cms\/wp-json\/wp\/v2\/types\/page"}],"author":[{"embeddable":true,"href":"https:\/\/www.amichai.de\/cms\/wp-json\/wp\/v2\/users\/1"}],"replies":[{"embeddable":true,"href":"https:\/\/www.amichai.de\/cms\/wp-json\/wp\/v2\/comments?post=57"}],"version-history":[{"count":44,"href":"https:\/\/www.amichai.de\/cms\/wp-json\/wp\/v2\/pages\/57\/revisions"}],"predecessor-version":[{"id":2339,"href":"https:\/\/www.amichai.de\/cms\/wp-json\/wp\/v2\/pages\/57\/revisions\/2339"}],"up":[{"embeddable":true,"href":"https:\/\/www.amichai.de\/cms\/wp-json\/wp\/v2\/pages\/51"}],"wp:attachment":[{"href":"https:\/\/www.amichai.de\/cms\/wp-json\/wp\/v2\/media?parent=57"}],"curies":[{"name":"wp","href":"https:\/\/api.w.org\/{rel}","templated":true}]}}