{"id":59,"date":"2016-03-01T12:06:08","date_gmt":"2016-03-01T11:06:08","guid":{"rendered":"http:\/\/www.amichai.de\/cms\/?page_id=59"},"modified":"2025-10-01T10:19:36","modified_gmt":"2025-10-01T08:19:36","slug":"ben-jehuda-11-13-jahre","status":"publish","type":"page","link":"https:\/\/www.amichai.de\/cms\/kwuzot-gruppen\/ben-jehuda-11-13-jahre\/","title":{"rendered":"Ben Jehuda (11-13 Jahre)"},"content":{"rendered":"<div id=\"pl-59\"  class=\"panel-layout\" ><div id=\"pg-59-0\"  class=\"panel-grid panel-no-style\" ><div id=\"pgc-59-0-0\"  class=\"panel-grid-cell\" ><div id=\"panel-59-0-0-0\" class=\"so-panel widget widget_sow-editor panel-first-child panel-last-child\" data-index=\"0\" ><div\n\t\t\t\n\t\t\tclass=\"so-widget-sow-editor so-widget-sow-editor-base\"\n\t\t\t\n\t\t>\n<div class=\"siteorigin-widget-tinymce textwidget\">\n\t<p><img decoding=\"async\" src=\"https:\/\/www.amichai.de\/cms\/wp-content\/uploads\/2025\/10\/BenJehuda-11-13-Medium.jpg\" alt=\"\" width=\"100%\" height=\"100%\"\/><\/p>\n<\/div>\n<\/div><\/div><\/div><\/div><div id=\"pg-59-1\"  class=\"panel-grid panel-no-style\" ><div id=\"pgc-59-1-0\"  class=\"panel-grid-cell\" ><div id=\"panel-59-1-0-0\" class=\"so-panel widget widget_sow-editor panel-first-child panel-last-child\" data-index=\"1\" ><div\n\t\t\t\n\t\t\tclass=\"so-widget-sow-editor so-widget-sow-editor-base\"\n\t\t\t\n\t\t>\n<div class=\"siteorigin-widget-tinymce textwidget\">\n\t<p><img decoding=\"async\" src=\"https:\/\/www.amichai.de\/cms\/wp-content\/uploads\/2025\/10\/Ben-Jehuda-Leah-Small.jpg\" alt=\"\" width=\"100%\" height=\"100%\" \/><br \/>\nLeah<\/p>\n<\/div>\n<\/div><\/div><\/div><div id=\"pgc-59-1-1\"  class=\"panel-grid-cell\" ><div id=\"panel-59-1-1-0\" class=\"so-panel widget widget_sow-editor panel-first-child panel-last-child\" data-index=\"2\" ><div\n\t\t\t\n\t\t\tclass=\"so-widget-sow-editor so-widget-sow-editor-base\"\n\t\t\t\n\t\t>\n<div class=\"siteorigin-widget-tinymce textwidget\">\n\t<p><img decoding=\"async\" src=\"https:\/\/www.amichai.de\/cms\/wp-content\/uploads\/2025\/10\/Ben-Jehuda-Jessica-Small.jpg\" alt=\"\" width=\"100%\" height=\"100%\" \/><br \/>\nJessica<\/p>\n<\/div>\n<\/div><\/div><\/div><\/div><div id=\"pg-59-2\"  class=\"panel-grid panel-no-style\" ><div id=\"pgc-59-2-0\"  class=\"panel-grid-cell\" ><div id=\"panel-59-2-0-0\" class=\"so-panel widget widget_sow-editor panel-first-child panel-last-child\" data-index=\"3\" ><div\n\t\t\t\n\t\t\tclass=\"so-widget-sow-editor so-widget-sow-editor-base\"\n\t\t\t\n\t\t>\n<div class=\"siteorigin-widget-tinymce textwidget\">\n\t<p><img decoding=\"async\" src=\"https:\/\/www.amichai.de\/cms\/wp-content\/uploads\/2025\/10\/Ben-Jehuda-Natali-Small.jpg\" alt=\"\" width=\"100%\" height=\"100%\"\/><br \/>\nNatali<\/p>\n<\/div>\n<\/div><\/div><\/div><div id=\"pgc-59-2-1\"  class=\"panel-grid-cell\" ><div id=\"panel-59-2-1-0\" class=\"so-panel widget widget_sow-editor panel-first-child panel-last-child\" data-index=\"4\" ><div\n\t\t\t\n\t\t\tclass=\"so-widget-sow-editor so-widget-sow-editor-base\"\n\t\t\t\n\t\t>\n<div class=\"siteorigin-widget-tinymce textwidget\">\n\t<p><img decoding=\"async\" src=\"https:\/\/www.amichai.de\/cms\/wp-content\/uploads\/2025\/10\/Ben-Jehuda-Micka-Small.jpg\" alt=\"\" width=\"100%\" height=\"100%\"\/><br \/>\nMicka<\/p>\n<\/div>\n<\/div><\/div><\/div><\/div><div id=\"pg-59-3\"  class=\"panel-grid panel-no-style\" ><div id=\"pgc-59-3-0\"  class=\"panel-grid-cell\" ><div id=\"panel-59-3-0-0\" class=\"so-panel widget widget_sow-editor panel-first-child panel-last-child\" data-index=\"5\" ><div\n\t\t\t\n\t\t\tclass=\"so-widget-sow-editor so-widget-sow-editor-base\"\n\t\t\t\n\t\t>\n<div class=\"siteorigin-widget-tinymce textwidget\">\n\t<p><img loading=\"lazy\" decoding=\"async\" class=\"alignnone size-full wp-image-240\" src=\"https:\/\/www.amichai.de\/cms\/wp-content\/uploads\/2016\/03\/ben-yehuda-300x250.jpg\" alt=\"\" width=\"300\" height=\"250\" \/><\/p>\n<\/div>\n<\/div><\/div><\/div><div id=\"pgc-59-3-1\"  class=\"panel-grid-cell\" ><div id=\"panel-59-3-1-0\" class=\"so-panel widget widget_sow-editor panel-first-child panel-last-child\" data-index=\"6\" ><div\n\t\t\t\n\t\t\tclass=\"so-widget-sow-editor so-widget-sow-editor-base\"\n\t\t\t\n\t\t>\n<div class=\"siteorigin-widget-tinymce textwidget\">\n\t<p><strong>Eliezer Ben-Jehuda<\/strong>, hebr\u00e4isch \u200f\u05d0\u05b1\u05dc\u05b4\u05d9\u05e2\u05b6\u05d6\u05b6\u05e8 \u05d1\u05b6\u05bc\u05df\u05be\u05d9\u05b0\u05d4\u05d5\u05bc\u05d3\u05b8\u05d4\u200e, geb\u00fcrtig Eliezer Jitzchak Perlman; geboren am 07. Januar 1858 in Luschki, Russisches Kaiserreich; gestorben am 16. Dezember 1922 in Jerusalem) war Journalist und Autor des ersten modernen hebr\u00e4ischen W\u00f6rterbuchs. Er gilt als die wichtigste Kraft bei der Vervollst\u00e4ndigung und Verbreitung des modernen Iwrit, vor allem als gesprochener Sprache. Damit hat er das Hebr\u00e4ische als Muttersprache wiederbelebt, welches seit etwa dem Jahre 200 n. Chr. fast nur noch als Sakralsprache im Torastudium verwendet worden war.<\/p>\n<p>Das Haus,dass Ben Yehuda im s\u00fcdlichen Vorort Talpiot bauen lie\u00df, und in dem seine Witwe lebte, wird heute von der Aktion S\u00fchnezeichen Friedensdienste als L\u00e4nderzentrale und als internationale Begegnungsst\u00e4tte (Beit Ben Yehuda) genutzt. Der Ort ist zu einem Treffpunkt zwischen Deutschen und Israelis geworden, da die Aktion S\u00fchnzeichen Friedensdienste dort eine Jugendherberge er\u00f6ffnet hat und Hebr\u00e4ischsprachkurse anbietet.<\/p>\n<\/div>\n<\/div><\/div><\/div><\/div><\/div>","protected":false},"excerpt":{"rendered":"<p>Leah Jessica<\/p>\n","protected":false},"author":1,"featured_media":0,"parent":51,"menu_order":3,"comment_status":"closed","ping_status":"closed","template":"page-templates\/full-width-page.php","meta":{"ngg_post_thumbnail":0,"footnotes":""},"class_list":["post-59","page","type-page","status-publish","hentry","without-featured-image"],"_links":{"self":[{"href":"https:\/\/www.amichai.de\/cms\/wp-json\/wp\/v2\/pages\/59","targetHints":{"allow":["GET"]}}],"collection":[{"href":"https:\/\/www.amichai.de\/cms\/wp-json\/wp\/v2\/pages"}],"about":[{"href":"https:\/\/www.amichai.de\/cms\/wp-json\/wp\/v2\/types\/page"}],"author":[{"embeddable":true,"href":"https:\/\/www.amichai.de\/cms\/wp-json\/wp\/v2\/users\/1"}],"replies":[{"embeddable":true,"href":"https:\/\/www.amichai.de\/cms\/wp-json\/wp\/v2\/comments?post=59"}],"version-history":[{"count":48,"href":"https:\/\/www.amichai.de\/cms\/wp-json\/wp\/v2\/pages\/59\/revisions"}],"predecessor-version":[{"id":2341,"href":"https:\/\/www.amichai.de\/cms\/wp-json\/wp\/v2\/pages\/59\/revisions\/2341"}],"up":[{"embeddable":true,"href":"https:\/\/www.amichai.de\/cms\/wp-json\/wp\/v2\/pages\/51"}],"wp:attachment":[{"href":"https:\/\/www.amichai.de\/cms\/wp-json\/wp\/v2\/media?parent=59"}],"curies":[{"name":"wp","href":"https:\/\/api.w.org\/{rel}","templated":true}]}}