{"id":61,"date":"2016-03-01T12:06:36","date_gmt":"2016-03-01T11:06:36","guid":{"rendered":"http:\/\/www.amichai.de\/cms\/?page_id=61"},"modified":"2025-10-01T10:11:49","modified_gmt":"2025-10-01T08:11:49","slug":"rabbi-akiva-7-8-jahre","status":"publish","type":"page","link":"https:\/\/www.amichai.de\/cms\/kwuzot-gruppen\/rabbi-akiva-7-8-jahre\/","title":{"rendered":"Rabbi Akiva (7-8 Jahre)"},"content":{"rendered":"<div id=\"pl-61\"  class=\"panel-layout\" ><div id=\"pg-61-0\"  class=\"panel-grid panel-no-style\" ><div id=\"pgc-61-0-0\"  class=\"panel-grid-cell\" ><div id=\"panel-61-0-0-0\" class=\"so-panel widget widget_sow-editor panel-first-child panel-last-child\" data-index=\"0\" ><div\n\t\t\t\n\t\t\tclass=\"so-widget-sow-editor so-widget-sow-editor-base\"\n\t\t\t\n\t\t>\n<div class=\"siteorigin-widget-tinymce textwidget\">\n\t<p><img decoding=\"async\" src=\"https:\/\/www.amichai.de\/cms\/wp-content\/uploads\/2025\/10\/Rabbi-Akiva-7-8-Medium.jpg\" alt=\"Rabbi Akiva\" width=\"100%\" height=\"100%\"\/><\/p>\n<\/div>\n<\/div><\/div><\/div><\/div><div id=\"pg-61-1\"  class=\"panel-grid panel-no-style\" ><div id=\"pgc-61-1-0\"  class=\"panel-grid-cell\" ><div id=\"panel-61-1-0-0\" class=\"so-panel widget widget_sow-editor panel-first-child panel-last-child\" data-index=\"1\" ><div\n\t\t\t\n\t\t\tclass=\"so-widget-sow-editor so-widget-sow-editor-base\"\n\t\t\t\n\t\t>\n<div class=\"siteorigin-widget-tinymce textwidget\">\n\t<p><img decoding=\"async\" src=\"https:\/\/www.amichai.de\/cms\/wp-content\/uploads\/2025\/10\/Rabbi-Akiva-Noah-Small.jpg\" alt=\"\" width=\"100%\" height=\"100%\" \/><br \/>\nNoah<\/p>\n<\/div>\n<\/div><\/div><\/div><div id=\"pgc-61-1-1\"  class=\"panel-grid-cell\" ><div id=\"panel-61-1-1-0\" class=\"so-panel widget widget_sow-editor panel-first-child panel-last-child\" data-index=\"2\" ><div\n\t\t\t\n\t\t\tclass=\"so-widget-sow-editor so-widget-sow-editor-base\"\n\t\t\t\n\t\t>\n<div class=\"siteorigin-widget-tinymce textwidget\">\n\t<p><img decoding=\"async\" src=\"https:\/\/www.amichai.de\/cms\/wp-content\/uploads\/2025\/10\/Rabbi-Akiva-Elja-Small.jpg\" alt=\"\" width=\"100%\" height=\"100%\" \/><br \/>\nElija<\/p>\n<\/div>\n<\/div><\/div><\/div><\/div><div id=\"pg-61-2\"  class=\"panel-grid panel-no-style\" ><div id=\"pgc-61-2-0\"  class=\"panel-grid-cell\" ><div id=\"panel-61-2-0-0\" class=\"so-panel widget widget_sow-editor panel-first-child panel-last-child\" data-index=\"3\" ><div\n\t\t\t\n\t\t\tclass=\"so-widget-sow-editor so-widget-sow-editor-base\"\n\t\t\t\n\t\t>\n<div class=\"siteorigin-widget-tinymce textwidget\">\n\t<p><img decoding=\"async\" src=\"https:\/\/www.amichai.de\/cms\/wp-content\/uploads\/2025\/10\/Rabbi-Akiva-Albert-Small.jpg\" alt=\"\" width=\"100%\" height=\"100%\"\/><br \/>\nAlbert<\/p>\n<\/div>\n<\/div><\/div><\/div><div id=\"pgc-61-2-1\"  class=\"panel-grid-cell\" ><div id=\"panel-61-2-1-0\" class=\"so-panel widget widget_sow-editor panel-first-child panel-last-child\" data-index=\"4\" ><div\n\t\t\t\n\t\t\tclass=\"so-widget-sow-editor so-widget-sow-editor-base\"\n\t\t\t\n\t\t>\n<div class=\"siteorigin-widget-tinymce textwidget\">\n\t<p><img decoding=\"async\" src=\"https:\/\/www.amichai.de\/cms\/wp-content\/uploads\/2025\/10\/Rabbi-Akiva-Elias-Small.jpg\" alt=\"\" width=\"100%\" height=\"100%\" \/><br \/>\nElias<\/p>\n<\/div>\n<\/div><\/div><\/div><\/div><div id=\"pg-61-3\"  class=\"panel-grid panel-no-style\" ><div id=\"pgc-61-3-0\"  class=\"panel-grid-cell\" ><div id=\"panel-61-3-0-0\" class=\"so-panel widget widget_sow-editor panel-first-child panel-last-child\" data-index=\"5\" ><div\n\t\t\t\n\t\t\tclass=\"so-widget-sow-editor so-widget-sow-editor-base\"\n\t\t\t\n\t\t>\n<div class=\"siteorigin-widget-tinymce textwidget\">\n\t<p><img loading=\"lazy\" decoding=\"async\" class=\"alignnone size-full wp-image-178\" src=\"https:\/\/www.amichai.de\/cms\/wp-content\/uploads\/2016\/03\/Akiva-233x3001.jpg\" alt=\"Akiva-233x3001\" width=\"233\" height=\"300\" \/><\/p>\n<\/div>\n<\/div><\/div><\/div><div id=\"pgc-61-3-1\"  class=\"panel-grid-cell\" ><div id=\"panel-61-3-1-0\" class=\"so-panel widget widget_sow-editor panel-first-child panel-last-child\" data-index=\"6\" ><div\n\t\t\t\n\t\t\tclass=\"so-widget-sow-editor so-widget-sow-editor-base\"\n\t\t\t\n\t\t>\n<div class=\"siteorigin-widget-tinymce textwidget\">\n\t<h1 style=\"display: none;\">\u00dcber Rabbi Akiwa<\/h1>\n<p><strong>Rabbi Akiwa Akiba ben Josef<\/strong> ist einer der bedeutendsten V\u00e4ter des rabbinischen Judentums. Er wird zu den \u201eTannaim\u201c der zweiten Generation gez\u00e4hlt. Unter \u201eTannaim\u201c versteht man Meister und Rabbiner, die die j\u00fcdische Lehre weitergegeben haben. Da sie den Inhalt der Mischna (hebr. \u201eWiederholung) lehrten, werden sie auch als Lehrer der mischnaischen Zeit genannt.<\/p>\n<p>Rabbi Akiwa wird zu den Tannaiten der zweiten Generation gez\u00e4hlt. Leider sind die meisten Daten seines Lebens historisch nicht gesichert, da sie nicht nachweisbar sind. Aus diesem Grund ranken sich viele Legenden um diesen wichtigen Mann. Im Folgenden werden lediglich spekulative Einsch\u00e4tzungen zu seinem Leben erl\u00e4utert.<\/p>\n<p>Sein Geburtsjahr ist auf das Jahr 50 n. d. Z. datiert, sein Tod k\u00f6nne mit gro\u00dfer Gewissheit 135 n.d.Z. w\u00e4hrend des Bar-Kochba-Aufstandes gegen die R\u00f6mer gewesen sein.<br \/>\nRabbi Akwia lebte bis zu seinem 40. Lebensjahr als einfacher und ungebildeter Schafhirte, bis seine Frau von ihm verlangte mit dem Torastudium zu beginnen. Daraufhin lernte er 13 Jahre bis er selbst Tora-Gelehrter wurde. Systematisch gestaltete und sammelte er Texte f\u00fcr die Mischna und sorgte so f\u00fcr den Gro\u00dfteil unserer heutigen schriftlichen Tora.<\/p>\n<p>Noch heute erkennt man seine Bedeutsamkeit, so wird beim 50-t\u00e4gigen Omerz\u00e4hlen zwischen Pessach und Schawuot an die 24.000 Sch\u00fcler, die im Aufstand gegen die R\u00f6mer gefallen sind, gedacht. Er wird heute als so g\u2019ttesnah wie nur irgendwie m\u00f6glich gehalten.<br \/>\nW\u00e4hrend seines Todes soll er noch unbeirrt SchmaIsrael gebetet haben.<\/p>\n<\/div>\n<\/div><\/div><\/div><\/div><\/div>","protected":false},"excerpt":{"rendered":"<p>Noah Elija<\/p>\n","protected":false},"author":1,"featured_media":0,"parent":51,"menu_order":1,"comment_status":"closed","ping_status":"closed","template":"page-templates\/full-width-page.php","meta":{"ngg_post_thumbnail":0,"footnotes":""},"class_list":["post-61","page","type-page","status-publish","hentry","without-featured-image"],"_links":{"self":[{"href":"https:\/\/www.amichai.de\/cms\/wp-json\/wp\/v2\/pages\/61","targetHints":{"allow":["GET"]}}],"collection":[{"href":"https:\/\/www.amichai.de\/cms\/wp-json\/wp\/v2\/pages"}],"about":[{"href":"https:\/\/www.amichai.de\/cms\/wp-json\/wp\/v2\/types\/page"}],"author":[{"embeddable":true,"href":"https:\/\/www.amichai.de\/cms\/wp-json\/wp\/v2\/users\/1"}],"replies":[{"embeddable":true,"href":"https:\/\/www.amichai.de\/cms\/wp-json\/wp\/v2\/comments?post=61"}],"version-history":[{"count":32,"href":"https:\/\/www.amichai.de\/cms\/wp-json\/wp\/v2\/pages\/61\/revisions"}],"predecessor-version":[{"id":2338,"href":"https:\/\/www.amichai.de\/cms\/wp-json\/wp\/v2\/pages\/61\/revisions\/2338"}],"up":[{"embeddable":true,"href":"https:\/\/www.amichai.de\/cms\/wp-json\/wp\/v2\/pages\/51"}],"wp:attachment":[{"href":"https:\/\/www.amichai.de\/cms\/wp-json\/wp\/v2\/media?parent=61"}],"curies":[{"name":"wp","href":"https:\/\/api.w.org\/{rel}","templated":true}]}}