{"id":872,"date":"2017-09-26T15:09:32","date_gmt":"2017-09-26T13:09:32","guid":{"rendered":"http:\/\/www.amichai.de\/cms\/?page_id=872"},"modified":"2025-10-01T10:43:53","modified_gmt":"2025-10-01T08:43:53","slug":"chug-theater-ag","status":"publish","type":"page","link":"https:\/\/www.amichai.de\/cms\/chugim-ag\/chug-theater-ag\/","title":{"rendered":"Chug Theater AG"},"content":{"rendered":"<p><strong>&#8222;Theater ist Kino &#8211; nur live!&#8220;<\/strong><\/p>\n<p>Die AG Leiterin Barbara Ehrlich studierte Theater Regie und Dramaturgie und hat eine Ausbildung als Fernseh- und H\u00f6rfunk Journalistin abgeschlossen. Sie bietet den Kindern einen Ort, an dem Sie mit k\u00fcnstlerischem Ausdruck die Anf\u00e4nge der Schauspielerei erlernen und durch Kommunikation und Gruppenspielen auch mit anderen lernen zu agieren.<\/p>\n<p>Mit Spiel und Spa\u00df lernen die Kinder aus sich herauszukommen und Emotionen in verschieden St\u00fccken einzubringen und auszudr\u00fccken.<\/p>\n<p><strong><br \/>\nMontag (2. Klasse): 15:00-16:00 Uhr<br \/>\nMontag (3. Klasse): 16:00-17:00 Uhr<br \/>\nMontag (5. &#038; 6. Klasse): 17:00-18:00 Uhr<\/p>\n<p>Dienstag (E1): 14:00-15:00 Uhr<br \/>\nDienstag (E2): 15:00-16:00 Uhr<br \/>\nDienstag (4. Klasse): 16:00-17:00 Uhr<br \/>\n<\/strong><\/p>\n<p><strong>Anmeldung unter:<\/strong><br \/>\nE-mail: <a href=\"mailto:amichai@jg-ffm.de\">amichai@jg-ffm.de<\/a><br \/>\nTel: 069 768 036 150<\/p>\n<div align=\"center\">\n<h3><a href=\"https:\/\/www.amichai.de\/cms\/wp-content\/uploads\/2025\/08\/chugim-anmeldeformular-2026.pdf\" target=\"_blank\" rel=\"noopener noreferrer\">Anmeldeformular HIER downloaden<\/a><\/h3>\n<\/div>\n","protected":false},"excerpt":{"rendered":"<p>&#8222;Theater ist Kino &#8211; nur live!&#8220; Die AG Leiterin Barbara Ehrlich studierte Theater Regie und Dramaturgie und hat eine Ausbildung als Fernseh- und H\u00f6rfunk Journalistin abgeschlossen. Sie bietet den Kindern einen Ort, an dem Sie mit k\u00fcnstlerischem Ausdruck die Anf\u00e4nge der Schauspielerei erlernen und durch Kommunikation und Gruppenspielen auch mit anderen lernen zu agieren. Mit [&hellip;]<\/p>\n","protected":false},"author":1,"featured_media":886,"parent":21,"menu_order":0,"comment_status":"closed","ping_status":"closed","template":"","meta":{"ngg_post_thumbnail":0,"footnotes":""},"class_list":["post-872","page","type-page","status-publish","has-post-thumbnail","hentry","with-featured-image"],"_links":{"self":[{"href":"https:\/\/www.amichai.de\/cms\/wp-json\/wp\/v2\/pages\/872","targetHints":{"allow":["GET"]}}],"collection":[{"href":"https:\/\/www.amichai.de\/cms\/wp-json\/wp\/v2\/pages"}],"about":[{"href":"https:\/\/www.amichai.de\/cms\/wp-json\/wp\/v2\/types\/page"}],"author":[{"embeddable":true,"href":"https:\/\/www.amichai.de\/cms\/wp-json\/wp\/v2\/users\/1"}],"replies":[{"embeddable":true,"href":"https:\/\/www.amichai.de\/cms\/wp-json\/wp\/v2\/comments?post=872"}],"version-history":[{"count":14,"href":"https:\/\/www.amichai.de\/cms\/wp-json\/wp\/v2\/pages\/872\/revisions"}],"predecessor-version":[{"id":2355,"href":"https:\/\/www.amichai.de\/cms\/wp-json\/wp\/v2\/pages\/872\/revisions\/2355"}],"up":[{"embeddable":true,"href":"https:\/\/www.amichai.de\/cms\/wp-json\/wp\/v2\/pages\/21"}],"wp:featuredmedia":[{"embeddable":true,"href":"https:\/\/www.amichai.de\/cms\/wp-json\/wp\/v2\/media\/886"}],"wp:attachment":[{"href":"https:\/\/www.amichai.de\/cms\/wp-json\/wp\/v2\/media?parent=872"}],"curies":[{"name":"wp","href":"https:\/\/api.w.org\/{rel}","templated":true}]}}