{"id":9,"date":"2016-03-01T11:55:45","date_gmt":"2016-03-01T10:55:45","guid":{"rendered":"http:\/\/www.amichai.de\/cms\/?page_id=9"},"modified":"2026-01-19T11:08:14","modified_gmt":"2026-01-19T10:08:14","slug":"aktuelles","status":"publish","type":"page","link":"https:\/\/www.amichai.de\/cms\/aktuelles\/","title":{"rendered":"Aktuelles"},"content":{"rendered":"<div id=\"pl-9\"  class=\"panel-layout\" ><div id=\"pg-9-0\"  class=\"panel-grid panel-has-style\" ><div class=\"panel-row-style panel-row-style-for-9-0\" ><div id=\"pgc-9-0-0\"  class=\"panel-grid-cell\" ><div id=\"panel-9-0-0-0\" class=\"so-panel widget widget_sow-editor panel-first-child panel-last-child\" data-index=\"0\" ><div\n\t\t\t\n\t\t\tclass=\"so-widget-sow-editor so-widget-sow-editor-base\"\n\t\t\t\n\t\t>\n<div class=\"siteorigin-widget-tinymce textwidget\">\n\t<p><img decoding=\"async\" src=\"https:\/\/www.amichai.de\/cms\/wp-content\/uploads\/2025\/10\/JQ-Flyer-2025-Medium.jpg\" alt=\"\"\/><br \/>\n<small>Veranstaltungsdatum: 05-07.12.2025<br \/>\nVeranstaltungsort: Frankfurt am Main<br \/>\nF\u00fcr die Altersstufe: 13-18 Jahre<br \/>\nSelbstkostenbetrag: \u20ac 85,-<br \/>\nAnmeldeschluss: 10. November<\/small><\/p>\n<\/div>\n<\/div><\/div><\/div><div id=\"pgc-9-0-1\"  class=\"panel-grid-cell\" ><div id=\"panel-9-0-1-0\" class=\"so-panel widget widget_sow-editor panel-first-child panel-last-child\" data-index=\"1\" ><div\n\t\t\t\n\t\t\tclass=\"so-widget-sow-editor so-widget-sow-editor-base\"\n\t\t\t\n\t\t>\n<div class=\"siteorigin-widget-tinymce textwidget\">\n\t<p>Liebe Eltern, liebe Freunde,<br \/>\nwir freuen uns, Euch mitteilen zu k\u00f6nnen, dass das Jugendzentrum Amichai ab sofort ein neues Online-Anmeldesystem eingef\u00fchrt hat. Damit m\u00f6chten wir Euch die Anmeldung f\u00fcr unsere Angebote einfacher, schneller und bequemer machen.<\/p>\n<p>Die Anmeldung f\u00fcr JQ - The Jewish Quiz ist ab sofort direkt online m\u00f6glich \u2013 ganz unkompliziert von zuhause aus. Bitte achtet darauf, alle Felder vollst\u00e4ndig und korrekt auszuf\u00fcllen, damit wir die Anmeldung schnell bearbeiten k\u00f6nnen.<\/p>\n<p><strong><a class=\"btn\" href=\"https:\/\/docs.google.com\/forms\/d\/e\/1FAIpQLSfJ8-coXptkLQIbFUx-F2MgsDusYFdPZT_s2eUUK59iXjC_hA\/viewform?usp=header\" target=\"_blank\" rel=\"noopener\">Hier geht\u2019s zur Anmeldung<\/a><\/strong><\/p>\n<p>F\u00fcr das JQ \u2013 The Jewish Quiz k\u00f6nnen sich nur j\u00fcdische Gemeindemitglieder anmelden.<\/p>\n<p>Wir freuen uns sehr auf Eure Anmeldungen und stehen bei Fragen selbstverst\u00e4ndlich gerne zur Verf\u00fcgung.<\/p>\n<\/div>\n<\/div><\/div><\/div><\/div><\/div><div id=\"pg-9-1\"  class=\"panel-grid panel-has-style\" ><div class=\"panel-row-style panel-row-style-for-9-1\" ><div id=\"pgc-9-1-0\"  class=\"panel-grid-cell\" ><div id=\"panel-9-1-0-0\" class=\"so-panel widget widget_sow-editor panel-first-child panel-last-child\" data-index=\"2\" ><div\n\t\t\t\n\t\t\tclass=\"so-widget-sow-editor so-widget-sow-editor-base\"\n\t\t\t\n\t\t>\n<div class=\"siteorigin-widget-tinymce textwidget\">\n\t<p><!--\n\n\n<p style=\"text-align: center;\"><a href=\"https:\/\/www.amichai.de\/cms\/wp-content\/uploads\/2025\/05\/Anmeldeformular-Europa-Park.pdf\" target=\"_blank\" rel=\"noopener noreferrer\"><img decoding=\"async\" class=\"aligncenter size-full wp-image-1807\" src=\"https:\/\/www.amichai.de\/cms\/wp-content\/uploads\/2025\/05\/Europa-Park-2025-scaled.jpg\" alt=\"uropa Park 2025\"\/><\/a><\/p>\n\n\n\n\n\n<p style=\"text-align: center;\"><a href=\"https:\/\/www.amichai.de\/cms\/wp-content\/uploads\/2025\/05\/Anmeldeformular-Europa-Park.pdf\" target=\"_blank\" rel=\"noopener noreferrer\">ANMELDEFORMULAR\n<strong>HIER DOWNLOADEN<\/strong><\/a>\n\n--><\/p>\n<p><img loading=\"lazy\" decoding=\"async\" width=\"539\" height=\"539\" class=\"aligncenter size-full wp-image-2266\" src=\"https:\/\/www.amichai.de\/cms\/wp-content\/uploads\/2025\/05\/image001.jpg\" alt=\"Europa Park - Soul out\" srcset=\"https:\/\/www.amichai.de\/cms\/wp-content\/uploads\/2025\/05\/image001.jpg 539w, https:\/\/www.amichai.de\/cms\/wp-content\/uploads\/2025\/05\/image001-300x300.jpg 300w, https:\/\/www.amichai.de\/cms\/wp-content\/uploads\/2025\/05\/image001-90x90.jpg 90w, https:\/\/www.amichai.de\/cms\/wp-content\/uploads\/2025\/05\/image001-380x380.jpg 380w\" sizes=\"auto, (max-width: 539px) 100vw, 539px\" \/><\/p>\n<\/div>\n<\/div><\/div><\/div><div id=\"pgc-9-1-1\"  class=\"panel-grid-cell\" ><div id=\"panel-9-1-1-0\" class=\"so-panel widget widget_sow-editor panel-first-child panel-last-child\" data-index=\"3\" ><div class=\"so-rounded panel-widget-style panel-widget-style-for-9-1-1-0\" ><div\n\t\t\t\n\t\t\tclass=\"so-widget-sow-editor so-widget-sow-editor-base\"\n\t\t\t\n\t\t>\n<div class=\"siteorigin-widget-tinymce textwidget\">\n\t<h1 style=\"text-align: center;\">Leider ist eine Anmeldung f\u00fcr die Fahrt zum Europa Park nicht mehr m\u00f6glich, da die maximale Teilnehmerzahl erreicht wurde.<\/h1>\n<p><!---\n\n\n<h1 style=\"text-align: center;\">Amichai goes Europa Park<\/h1>\n\n\n\n\n<h3 style=\"text-align: center;\"><strong>19. - 20. Juni 2025<\/strong><\/h3>\n\n\n\n\n<p style=\"text-align: center;\"><strong>F\u00fcr 10-16 j\u00e4hrige<\/strong><\/p>\n\n\n\n\n<p style=\"text-align: center;\">Selbstkosten: 70 \u20ac<\/p>\n\n\n\n\n<p style=\"text-align: center;\">Anmeldeschluss: 30.05.2025<\/p>\n\n\n\n\n\n<p style=\"text-align: center;\"Die Pl\u00e4tze sind begrenzt!\n\n--><\/p>\n<\/div>\n<\/div><\/div><\/div><\/div><\/div><\/div><div id=\"pg-9-2\"  class=\"panel-grid panel-has-style\" ><div class=\"panel-row-style panel-row-style-for-9-2\" ><div id=\"pgc-9-2-0\"  class=\"panel-grid-cell\" ><div id=\"panel-9-2-0-0\" class=\"so-panel widget widget_sow-editor panel-first-child panel-last-child\" data-index=\"4\" ><div\n\t\t\t\n\t\t\tclass=\"so-widget-sow-editor so-widget-sow-editor-base\"\n\t\t\t\n\t\t>\n<div class=\"siteorigin-widget-tinymce textwidget\">\n\t<p style=\"text-align: center;\"><a href=\"https:\/\/www.amichai.de\/cms\/wp-content\/uploads\/2025\/02\/Anmeldeformular-Jewrovision-2025.pdf\" target=\"_blank\" rel=\"noopener noreferrer\"><img decoding=\"async\" class=\"aligncenter size-full wp-image-1807\" src=\"https:\/\/www.amichai.de\/cms\/wp-content\/uploads\/2025\/02\/jewrovision-flyer-scaled.jpg\" alt=\"Jewrovision 2025\"\/><\/a><\/p>\n<p style=\"text-align: center;\"><a href=\"https:\/\/www.amichai.de\/cms\/wp-content\/uploads\/2025\/02\/Anmeldeformular-Jewrovision-2025.pdf\" target=\"_blank\" rel=\"noopener noreferrer\">ANMELDEFORMULAR<br \/>\n<strong>HIER DOWNLOADEN<\/strong><\/a><\/p>\n<\/div>\n<\/div><\/div><\/div><div id=\"pgc-9-2-1\"  class=\"panel-grid-cell\" ><div id=\"panel-9-2-1-0\" class=\"so-panel widget widget_sow-editor panel-first-child panel-last-child\" data-index=\"5\" ><div class=\"so-rounded panel-widget-style panel-widget-style-for-9-2-1-0\" ><div\n\t\t\t\n\t\t\tclass=\"so-widget-sow-editor so-widget-sow-editor-base\"\n\t\t\t\n\t\t>\n<div class=\"siteorigin-widget-tinymce textwidget\">\n\t<h1 style=\"text-align: center;\">Jewrovision 2025<br \/>\nin Dortmund<\/h1>\n<h3 style=\"text-align: center;\"><strong>06.06. - 09.06.2025<\/strong><\/h3>\n<p style=\"text-align: center;\"><strong>F\u00fcr 12-18 j\u00e4hrige<\/strong><\/p>\n<p style=\"text-align: center;\">Selbstkosten: 100 \u20ac<\/p>\n<p style=\"text-align: center;\">Anmeldeschluss: 01.04.2025<\/p>\n<p style=\"text-align: center;\">Eine Anmeldung ist keine automatische Best\u00e4tigung.<br \/>\nKinder und Jugendliche, die das Jugendzentrum Amichai regelm\u00e4\u00dfig besuchen, haben Vorrang.<\/p>\n<\/div>\n<\/div><\/div><\/div><\/div><\/div><\/div><\/div>","protected":false},"excerpt":{"rendered":"<p>Veranstaltungsdatum: 05-07.12.2025 Veranstaltungsort: Frankfurt am Main F\u00fcr die Altersstufe: 13-18 Jahre Selbstkostenbetrag: \u20ac 85,- Anmeldeschluss: 10. November Liebe Eltern, liebe Freunde, wir freuen uns, Euch mitteilen zu k\u00f6nnen, dass das Jugendzentrum Amichai ab sofort ein neues Online-Anmeldesystem eingef\u00fchrt hat. Damit m\u00f6chten wir Euch die Anmeldung f\u00fcr unsere Angebote einfacher, schneller und bequemer machen. Die Anmeldung [&hellip;]<\/p>\n","protected":false},"author":1,"featured_media":0,"parent":0,"menu_order":0,"comment_status":"closed","ping_status":"closed","template":"page-templates\/full-width-page.php","meta":{"ngg_post_thumbnail":0,"footnotes":""},"class_list":["post-9","page","type-page","status-publish","hentry","without-featured-image"],"_links":{"self":[{"href":"https:\/\/www.amichai.de\/cms\/wp-json\/wp\/v2\/pages\/9","targetHints":{"allow":["GET"]}}],"collection":[{"href":"https:\/\/www.amichai.de\/cms\/wp-json\/wp\/v2\/pages"}],"about":[{"href":"https:\/\/www.amichai.de\/cms\/wp-json\/wp\/v2\/types\/page"}],"author":[{"embeddable":true,"href":"https:\/\/www.amichai.de\/cms\/wp-json\/wp\/v2\/users\/1"}],"replies":[{"embeddable":true,"href":"https:\/\/www.amichai.de\/cms\/wp-json\/wp\/v2\/comments?post=9"}],"version-history":[{"count":221,"href":"https:\/\/www.amichai.de\/cms\/wp-json\/wp\/v2\/pages\/9\/revisions"}],"predecessor-version":[{"id":2389,"href":"https:\/\/www.amichai.de\/cms\/wp-json\/wp\/v2\/pages\/9\/revisions\/2389"}],"wp:attachment":[{"href":"https:\/\/www.amichai.de\/cms\/wp-json\/wp\/v2\/media?parent=9"}],"curies":[{"name":"wp","href":"https:\/\/api.w.org\/{rel}","templated":true}]}}